{"id":12332,"date":"2017-06-29T15:31:31","date_gmt":"2017-06-29T13:31:31","guid":{"rendered":"http:\/\/www.festivaldebiarritz.com\/?page_id=12332"},"modified":"2019-02-07T14:06:23","modified_gmt":"2019-02-07T13:06:23","slug":"focus-colombie","status":"publish","type":"page","link":"https:\/\/www.festivaldebiarritz.com\/es\/edicion-2017\/focus-colombie\/","title":{"rendered":"Foco Colombia"},"content":{"rendered":"<p class=\"qtranxs-available-languages-message qtranxs-available-languages-message-es\">Disculpa, pero esta entrada est\u00e1 disponible s\u00f3lo en <a href=\"https:\/\/www.festivaldebiarritz.com\/fr\/wp-json\/wp\/v2\/pages\/12332\" class=\"qtranxs-available-language-link qtranxs-available-language-link-fr\" title=\"Fran\u00e7ais\">Fran\u00e7ais<\/a>.<\/p><p><a href=\"http:\/\/www.festivaldebiarritz.com\/actualites\/focuscolombie\/\"><img loading=\"lazy\" decoding=\"async\" class=\"wp-image-12387 aligncenter\" src=\"http:\/\/www.festivaldebiarritz.com\/wp-content\/uploads\/2017\/06\/if-frco-logo-triangle-rvb-color-copie-700x389.png\" alt=\"\" width=\"124\" height=\"69\" srcset=\"https:\/\/www.festivaldebiarritz.com\/wp-content\/uploads\/2017\/06\/if-frco-logo-triangle-rvb-color-copie-700x389.png 700w, https:\/\/www.festivaldebiarritz.com\/wp-content\/uploads\/2017\/06\/if-frco-logo-triangle-rvb-color-copie-200x111.png 200w, https:\/\/www.festivaldebiarritz.com\/wp-content\/uploads\/2017\/06\/if-frco-logo-triangle-rvb-color-copie-600x333.png 600w, https:\/\/www.festivaldebiarritz.com\/wp-content\/uploads\/2017\/06\/if-frco-logo-triangle-rvb-color-copie-768x427.png 768w, https:\/\/www.festivaldebiarritz.com\/wp-content\/uploads\/2017\/06\/if-frco-logo-triangle-rvb-color-copie-1600x889.png 1600w, https:\/\/www.festivaldebiarritz.com\/wp-content\/uploads\/2017\/06\/if-frco-logo-triangle-rvb-color-copie.png 1800w\" sizes=\"auto, (max-width: 124px) 100vw, 124px\" \/><\/a><\/p>","protected":false},"excerpt":{"rendered":"<p>Disculpa, pero esta entrada est\u00e1 disponible s\u00f3lo en Fran\u00e7ais.<\/p>\n","protected":false},"author":2,"featured_media":0,"parent":11325,"menu_order":48,"comment_status":"closed","ping_status":"closed","template":"page-focus-colombie.php","meta":{"_acf_changed":false,"footnotes":""},"class_list":["post-12332","page","type-page","status-publish","hentry"],"acf":[],"yoast_head":"<!-- This site is optimized with the Yoast SEO plugin v27.3 - https:\/\/yoast.com\/product\/yoast-seo-wordpress\/ -->\n<title>Foco Colombia - Festival de Biarritz Am\u00e9rica Latina<\/title>\n<meta name=\"robots\" content=\"index, follow, max-snippet:-1, max-image-preview:large, max-video-preview:-1\" \/>\n<link rel=\"canonical\" href=\"https:\/\/www.festivaldebiarritz.com\/es\/edicion-2017\/focus-colombie\/\" \/>\n<meta property=\"og:locale\" content=\"es_ES\" \/>\n<meta property=\"og:type\" content=\"article\" \/>\n<meta property=\"og:title\" content=\"Foco Colombia - Festival de Biarritz Am\u00e9rica Latina\" \/>\n<meta property=\"og:description\" content=\"Disculpa, pero esta entrada est\u00e1 disponible s\u00f3lo en Fran\u00e7ais.\" \/>\n<meta property=\"og:url\" content=\"https:\/\/www.festivaldebiarritz.com\/es\/edicion-2017\/focus-colombie\/\" \/>\n<meta property=\"og:site_name\" content=\"Festival de Biarritz Am\u00e9rica Latina\" \/>\n<meta property=\"article:modified_time\" content=\"2019-02-07T13:06:23+00:00\" \/>\n<meta property=\"og:image\" content=\"http:\/\/www.festivaldebiarritz.com\/wp-content\/uploads\/2017\/06\/if-frco-logo-triangle-rvb-color-copie-700x389.png\" \/>\n<script type=\"application\/ld+json\" class=\"yoast-schema-graph\">{\"@context\":\"https:\\\/\\\/schema.org\",\"@graph\":[{\"@type\":\"WebPage\",\"@id\":\"https:\\\/\\\/www.festivaldebiarritz.com\\\/es\\\/edicion-2017\\\/focus-colombie\\\/\",\"url\":\"https:\\\/\\\/www.festivaldebiarritz.com\\\/es\\\/edicion-2017\\\/focus-colombie\\\/\",\"name\":\"Foco Colombia - Festival de Biarritz Am\u00e9rica Latina\",\"isPartOf\":{\"@id\":\"https:\\\/\\\/www.festivaldebiarritz.com\\\/es\\\/#website\"},\"primaryImageOfPage\":{\"@id\":\"https:\\\/\\\/www.festivaldebiarritz.com\\\/es\\\/edicion-2017\\\/focus-colombie\\\/#primaryimage\"},\"image\":{\"@id\":\"https:\\\/\\\/www.festivaldebiarritz.com\\\/edicion-2017\\\/focus-colombie\\\/#primaryimage\"},\"thumbnailUrl\":\"http:\\\/\\\/www.festivaldebiarritz.com\\\/wp-content\\\/uploads\\\/2017\\\/06\\\/if-frco-logo-triangle-rvb-color-copie-700x389.png\",\"datePublished\":\"2017-06-29T13:31:31+00:00\",\"dateModified\":\"2019-02-07T13:06:23+00:00\",\"breadcrumb\":{\"@id\":\"https:\\\/\\\/www.festivaldebiarritz.com\\\/es\\\/edicion-2017\\\/focus-colombie\\\/#breadcrumb\"},\"inLanguage\":\"es\",\"potentialAction\":[{\"@type\":\"ReadAction\",\"target\":[[\"https:\\\/\\\/www.festivaldebiarritz.com\\\/es\\\/edicion-2017\\\/focus-colombie\\\/\"]]}]},{\"@type\":\"ImageObject\",\"inLanguage\":\"es\",\"@id\":\"https:\\\/\\\/www.festivaldebiarritz.com\\\/es\\\/edicion-2017\\\/focus-colombie\\\/#primaryimage\",\"url\":\"http:\\\/\\\/www.festivaldebiarritz.com\\\/wp-content\\\/uploads\\\/2017\\\/06\\\/if-frco-logo-triangle-rvb-color-copie-700x389.png\",\"contentUrl\":\"http:\\\/\\\/www.festivaldebiarritz.com\\\/wp-content\\\/uploads\\\/2017\\\/06\\\/if-frco-logo-triangle-rvb-color-copie-700x389.png\"},{\"@type\":\"BreadcrumbList\",\"@id\":\"https:\\\/\\\/www.festivaldebiarritz.com\\\/es\\\/edicion-2017\\\/focus-colombie\\\/#breadcrumb\",\"itemListElement\":[{\"@type\":\"ListItem\",\"position\":1,\"name\":\"Accueil\",\"item\":\"https:\\\/\\\/www.festivaldebiarritz.com\\\/es\\\/\"},{\"@type\":\"ListItem\",\"position\":2,\"name\":\"Edition 2017\",\"item\":\"https:\\\/\\\/www.festivaldebiarritz.com\\\/es\\\/edicion-2017\\\/\"},{\"@type\":\"ListItem\",\"position\":3,\"name\":\"Focus Colombie\"}]},{\"@type\":\"WebSite\",\"@id\":\"https:\\\/\\\/www.festivaldebiarritz.com\\\/es\\\/#website\",\"url\":\"https:\\\/\\\/www.festivaldebiarritz.com\\\/es\\\/\",\"name\":\"Festival de Biarritz Am\u00e9rica Latina\",\"description\":\"Cine y culturas de Am\u00e9rica latina\",\"potentialAction\":[{\"@type\":\"SearchAction\",\"target\":{\"@type\":\"EntryPoint\",\"urlTemplate\":\"https:\\\/\\\/www.festivaldebiarritz.com\\\/es\\\/?s={search_term_string}\"},\"query-input\":{\"@type\":\"PropertyValueSpecification\",\"valueRequired\":true,\"valueName\":\"search_term_string\"}}],\"inLanguage\":\"es\"}]}<\/script>\n<!-- \/ Yoast SEO plugin. -->","yoast_head_json":{"title":"Foco Colombia - Festival de Biarritz Am\u00e9rica Latina","robots":{"index":"index","follow":"follow","max-snippet":"max-snippet:-1","max-image-preview":"max-image-preview:large","max-video-preview":"max-video-preview:-1"},"canonical":"https:\/\/www.festivaldebiarritz.com\/es\/edicion-2017\/focus-colombie\/","og_locale":"es_ES","og_type":"article","og_title":"Foco Colombia - Festival de Biarritz Am\u00e9rica Latina","og_description":"Disculpa, pero esta entrada est\u00e1 disponible s\u00f3lo en Fran\u00e7ais.","og_url":"https:\/\/www.festivaldebiarritz.com\/es\/edicion-2017\/focus-colombie\/","og_site_name":"Festival de Biarritz Am\u00e9rica Latina","article_modified_time":"2019-02-07T13:06:23+00:00","og_image":[{"url":"http:\/\/www.festivaldebiarritz.com\/wp-content\/uploads\/2017\/06\/if-frco-logo-triangle-rvb-color-copie-700x389.png","type":"","width":"","height":""}],"schema":{"@context":"https:\/\/schema.org","@graph":[{"@type":"WebPage","@id":"https:\/\/www.festivaldebiarritz.com\/es\/edicion-2017\/focus-colombie\/","url":"https:\/\/www.festivaldebiarritz.com\/es\/edicion-2017\/focus-colombie\/","name":"Foco Colombia - Festival de Biarritz Am\u00e9rica Latina","isPartOf":{"@id":"https:\/\/www.festivaldebiarritz.com\/es\/#website"},"primaryImageOfPage":{"@id":"https:\/\/www.festivaldebiarritz.com\/es\/edicion-2017\/focus-colombie\/#primaryimage"},"image":{"@id":"https:\/\/www.festivaldebiarritz.com\/edicion-2017\/focus-colombie\/#primaryimage"},"thumbnailUrl":"http:\/\/www.festivaldebiarritz.com\/wp-content\/uploads\/2017\/06\/if-frco-logo-triangle-rvb-color-copie-700x389.png","datePublished":"2017-06-29T13:31:31+00:00","dateModified":"2019-02-07T13:06:23+00:00","breadcrumb":{"@id":"https:\/\/www.festivaldebiarritz.com\/es\/edicion-2017\/focus-colombie\/#breadcrumb"},"inLanguage":"es","potentialAction":[{"@type":"ReadAction","target":[["https:\/\/www.festivaldebiarritz.com\/es\/edicion-2017\/focus-colombie\/"]]}]},{"@type":"ImageObject","inLanguage":"es","@id":"https:\/\/www.festivaldebiarritz.com\/es\/edicion-2017\/focus-colombie\/#primaryimage","url":"http:\/\/www.festivaldebiarritz.com\/wp-content\/uploads\/2017\/06\/if-frco-logo-triangle-rvb-color-copie-700x389.png","contentUrl":"http:\/\/www.festivaldebiarritz.com\/wp-content\/uploads\/2017\/06\/if-frco-logo-triangle-rvb-color-copie-700x389.png"},{"@type":"BreadcrumbList","@id":"https:\/\/www.festivaldebiarritz.com\/es\/edicion-2017\/focus-colombie\/#breadcrumb","itemListElement":[{"@type":"ListItem","position":1,"name":"Accueil","item":"https:\/\/www.festivaldebiarritz.com\/es\/"},{"@type":"ListItem","position":2,"name":"Edition 2017","item":"https:\/\/www.festivaldebiarritz.com\/es\/edicion-2017\/"},{"@type":"ListItem","position":3,"name":"Focus Colombie"}]},{"@type":"WebSite","@id":"https:\/\/www.festivaldebiarritz.com\/es\/#website","url":"https:\/\/www.festivaldebiarritz.com\/es\/","name":"Festival de Biarritz Am\u00e9rica Latina","description":"Cine y culturas de Am\u00e9rica latina","potentialAction":[{"@type":"SearchAction","target":{"@type":"EntryPoint","urlTemplate":"https:\/\/www.festivaldebiarritz.com\/es\/?s={search_term_string}"},"query-input":{"@type":"PropertyValueSpecification","valueRequired":true,"valueName":"search_term_string"}}],"inLanguage":"es"}]}},"jetpack_sharing_enabled":true,"_links":{"self":[{"href":"https:\/\/www.festivaldebiarritz.com\/es\/wp-json\/wp\/v2\/pages\/12332","targetHints":{"allow":["GET"]}}],"collection":[{"href":"https:\/\/www.festivaldebiarritz.com\/es\/wp-json\/wp\/v2\/pages"}],"about":[{"href":"https:\/\/www.festivaldebiarritz.com\/es\/wp-json\/wp\/v2\/types\/page"}],"author":[{"embeddable":true,"href":"https:\/\/www.festivaldebiarritz.com\/es\/wp-json\/wp\/v2\/users\/2"}],"replies":[{"embeddable":true,"href":"https:\/\/www.festivaldebiarritz.com\/es\/wp-json\/wp\/v2\/comments?post=12332"}],"version-history":[{"count":4,"href":"https:\/\/www.festivaldebiarritz.com\/es\/wp-json\/wp\/v2\/pages\/12332\/revisions"}],"predecessor-version":[{"id":12390,"href":"https:\/\/www.festivaldebiarritz.com\/es\/wp-json\/wp\/v2\/pages\/12332\/revisions\/12390"}],"up":[{"embeddable":true,"href":"https:\/\/www.festivaldebiarritz.com\/es\/wp-json\/wp\/v2\/pages\/11325"}],"wp:attachment":[{"href":"https:\/\/www.festivaldebiarritz.com\/es\/wp-json\/wp\/v2\/media?parent=12332"}],"curies":[{"name":"wp","href":"https:\/\/api.w.org\/{rel}","templated":true}]}}