{"id":15817,"date":"2019-03-06T12:47:51","date_gmt":"2019-03-06T11:47:51","guid":{"rendered":"https:\/\/www.festivaldebiarritz.com\/?page_id=15817"},"modified":"2019-03-06T12:49:34","modified_gmt":"2019-03-06T11:49:34","slug":"appel-a-projets-de-films-documentaires","status":"publish","type":"page","link":"https:\/\/www.festivaldebiarritz.com\/es\/edition-2019\/appel-a-projets-de-films-documentaires\/","title":{"rendered":"Convocatoria coproducci\u00f3n documental"},"content":{"rendered":"<p><span lang=\"es-419\"><strong>France 3 Nouvelle-Aquitaine y el Festival Biarritz Am\u00e9rique latine<\/strong> lanzan una convocatoria para la coproducci\u00f3n de un documental (52\u2019). <\/span><\/p>\n<p><span lang=\"es-419\">El proyecto ganador ser\u00e1 coproducido por France 3 Nouvelle-Aquitaine y tendr\u00e1 difusi\u00f3n en sus antenas y en el marco del Festival Biarritz Am\u00e9rique latine. <\/span><\/p>\n<p><span lang=\"es-419\">Consulta el reglamento <a href=\"https:\/\/www.festivaldebiarritz.com\/wp-content\/uploads\/2019\/03\/190301-fbal-france-3-reglamento-aap-1.pdf\"><u>aqu\u00ed<\/u>.<\/a><\/span><\/p>","protected":false},"excerpt":{"rendered":"<p>France 3 Nouvelle-Aquitaine y el Festival Biarritz Am\u00e9rique latine lanzan una convocatoria para la coproducci\u00f3n de un documental (52\u2019). El [&hellip;]<\/p>\n","protected":false},"author":4,"featured_media":0,"parent":15643,"menu_order":37,"comment_status":"closed","ping_status":"closed","template":"","meta":{"_acf_changed":false,"footnotes":""},"class_list":["post-15817","page","type-page","status-publish","hentry"],"acf":[],"yoast_head":"<!-- This site is optimized with the Yoast SEO plugin v27.3 - https:\/\/yoast.com\/product\/yoast-seo-wordpress\/ -->\n<title>Convocatoria coproducci\u00f3n documental  - Festival de Biarritz Am\u00e9rica Latina<\/title>\n<meta name=\"robots\" content=\"index, follow, max-snippet:-1, max-image-preview:large, max-video-preview:-1\" \/>\n<link rel=\"canonical\" href=\"https:\/\/www.festivaldebiarritz.com\/es\/edition-2019\/appel-a-projets-de-films-documentaires\/\" \/>\n<meta property=\"og:locale\" content=\"es_ES\" \/>\n<meta property=\"og:type\" content=\"article\" \/>\n<meta property=\"og:title\" content=\"Convocatoria coproducci\u00f3n documental  - Festival de Biarritz Am\u00e9rica Latina\" \/>\n<meta property=\"og:description\" content=\"France 3 Nouvelle-Aquitaine y el Festival Biarritz Am\u00e9rique latine lanzan una convocatoria para la coproducci\u00f3n de un documental (52\u2019). El [&hellip;]\" \/>\n<meta property=\"og:url\" content=\"https:\/\/www.festivaldebiarritz.com\/es\/edition-2019\/appel-a-projets-de-films-documentaires\/\" \/>\n<meta property=\"og:site_name\" content=\"Festival de Biarritz Am\u00e9rica Latina\" \/>\n<meta property=\"article:modified_time\" content=\"2019-03-06T11:49:34+00:00\" \/>\n<script type=\"application\/ld+json\" class=\"yoast-schema-graph\">{\"@context\":\"https:\\\/\\\/schema.org\",\"@graph\":[{\"@type\":\"WebPage\",\"@id\":\"https:\\\/\\\/www.festivaldebiarritz.com\\\/es\\\/edition-2019\\\/appel-a-projets-de-films-documentaires\\\/\",\"url\":\"https:\\\/\\\/www.festivaldebiarritz.com\\\/es\\\/edition-2019\\\/appel-a-projets-de-films-documentaires\\\/\",\"name\":\"Convocatoria coproducci\u00f3n documental  - Festival de Biarritz Am\u00e9rica Latina\",\"isPartOf\":{\"@id\":\"https:\\\/\\\/www.festivaldebiarritz.com\\\/es\\\/#website\"},\"datePublished\":\"2019-03-06T11:47:51+00:00\",\"dateModified\":\"2019-03-06T11:49:34+00:00\",\"breadcrumb\":{\"@id\":\"https:\\\/\\\/www.festivaldebiarritz.com\\\/es\\\/edition-2019\\\/appel-a-projets-de-films-documentaires\\\/#breadcrumb\"},\"inLanguage\":\"es\",\"potentialAction\":[{\"@type\":\"ReadAction\",\"target\":[[\"https:\\\/\\\/www.festivaldebiarritz.com\\\/es\\\/edition-2019\\\/appel-a-projets-de-films-documentaires\\\/\"]]}]},{\"@type\":\"BreadcrumbList\",\"@id\":\"https:\\\/\\\/www.festivaldebiarritz.com\\\/es\\\/edition-2019\\\/appel-a-projets-de-films-documentaires\\\/#breadcrumb\",\"itemListElement\":[{\"@type\":\"ListItem\",\"position\":1,\"name\":\"Accueil\",\"item\":\"https:\\\/\\\/www.festivaldebiarritz.com\\\/es\\\/\"},{\"@type\":\"ListItem\",\"position\":2,\"name\":\"Edition 2019\",\"item\":\"https:\\\/\\\/www.festivaldebiarritz.com\\\/es\\\/edition-2019\\\/\"},{\"@type\":\"ListItem\",\"position\":3,\"name\":\"Appel \u00e0 projets de films documentaires\"}]},{\"@type\":\"WebSite\",\"@id\":\"https:\\\/\\\/www.festivaldebiarritz.com\\\/es\\\/#website\",\"url\":\"https:\\\/\\\/www.festivaldebiarritz.com\\\/es\\\/\",\"name\":\"Festival de Biarritz Am\u00e9rica Latina\",\"description\":\"Cine y culturas de Am\u00e9rica latina\",\"potentialAction\":[{\"@type\":\"SearchAction\",\"target\":{\"@type\":\"EntryPoint\",\"urlTemplate\":\"https:\\\/\\\/www.festivaldebiarritz.com\\\/es\\\/?s={search_term_string}\"},\"query-input\":{\"@type\":\"PropertyValueSpecification\",\"valueRequired\":true,\"valueName\":\"search_term_string\"}}],\"inLanguage\":\"es\"}]}<\/script>\n<!-- \/ Yoast SEO plugin. -->","yoast_head_json":{"title":"Convocatoria coproducci\u00f3n documental  - Festival de Biarritz Am\u00e9rica Latina","robots":{"index":"index","follow":"follow","max-snippet":"max-snippet:-1","max-image-preview":"max-image-preview:large","max-video-preview":"max-video-preview:-1"},"canonical":"https:\/\/www.festivaldebiarritz.com\/es\/edition-2019\/appel-a-projets-de-films-documentaires\/","og_locale":"es_ES","og_type":"article","og_title":"Convocatoria coproducci\u00f3n documental  - Festival de Biarritz Am\u00e9rica Latina","og_description":"France 3 Nouvelle-Aquitaine y el Festival Biarritz Am\u00e9rique latine lanzan una convocatoria para la coproducci\u00f3n de un documental (52\u2019). El [&hellip;]","og_url":"https:\/\/www.festivaldebiarritz.com\/es\/edition-2019\/appel-a-projets-de-films-documentaires\/","og_site_name":"Festival de Biarritz Am\u00e9rica Latina","article_modified_time":"2019-03-06T11:49:34+00:00","schema":{"@context":"https:\/\/schema.org","@graph":[{"@type":"WebPage","@id":"https:\/\/www.festivaldebiarritz.com\/es\/edition-2019\/appel-a-projets-de-films-documentaires\/","url":"https:\/\/www.festivaldebiarritz.com\/es\/edition-2019\/appel-a-projets-de-films-documentaires\/","name":"Convocatoria coproducci\u00f3n documental  - Festival de Biarritz Am\u00e9rica Latina","isPartOf":{"@id":"https:\/\/www.festivaldebiarritz.com\/es\/#website"},"datePublished":"2019-03-06T11:47:51+00:00","dateModified":"2019-03-06T11:49:34+00:00","breadcrumb":{"@id":"https:\/\/www.festivaldebiarritz.com\/es\/edition-2019\/appel-a-projets-de-films-documentaires\/#breadcrumb"},"inLanguage":"es","potentialAction":[{"@type":"ReadAction","target":[["https:\/\/www.festivaldebiarritz.com\/es\/edition-2019\/appel-a-projets-de-films-documentaires\/"]]}]},{"@type":"BreadcrumbList","@id":"https:\/\/www.festivaldebiarritz.com\/es\/edition-2019\/appel-a-projets-de-films-documentaires\/#breadcrumb","itemListElement":[{"@type":"ListItem","position":1,"name":"Accueil","item":"https:\/\/www.festivaldebiarritz.com\/es\/"},{"@type":"ListItem","position":2,"name":"Edition 2019","item":"https:\/\/www.festivaldebiarritz.com\/es\/edition-2019\/"},{"@type":"ListItem","position":3,"name":"Appel \u00e0 projets de films documentaires"}]},{"@type":"WebSite","@id":"https:\/\/www.festivaldebiarritz.com\/es\/#website","url":"https:\/\/www.festivaldebiarritz.com\/es\/","name":"Festival de Biarritz Am\u00e9rica Latina","description":"Cine y culturas de Am\u00e9rica latina","potentialAction":[{"@type":"SearchAction","target":{"@type":"EntryPoint","urlTemplate":"https:\/\/www.festivaldebiarritz.com\/es\/?s={search_term_string}"},"query-input":{"@type":"PropertyValueSpecification","valueRequired":true,"valueName":"search_term_string"}}],"inLanguage":"es"}]}},"jetpack_sharing_enabled":true,"_links":{"self":[{"href":"https:\/\/www.festivaldebiarritz.com\/es\/wp-json\/wp\/v2\/pages\/15817","targetHints":{"allow":["GET"]}}],"collection":[{"href":"https:\/\/www.festivaldebiarritz.com\/es\/wp-json\/wp\/v2\/pages"}],"about":[{"href":"https:\/\/www.festivaldebiarritz.com\/es\/wp-json\/wp\/v2\/types\/page"}],"author":[{"embeddable":true,"href":"https:\/\/www.festivaldebiarritz.com\/es\/wp-json\/wp\/v2\/users\/4"}],"replies":[{"embeddable":true,"href":"https:\/\/www.festivaldebiarritz.com\/es\/wp-json\/wp\/v2\/comments?post=15817"}],"version-history":[{"count":1,"href":"https:\/\/www.festivaldebiarritz.com\/es\/wp-json\/wp\/v2\/pages\/15817\/revisions"}],"predecessor-version":[{"id":15818,"href":"https:\/\/www.festivaldebiarritz.com\/es\/wp-json\/wp\/v2\/pages\/15817\/revisions\/15818"}],"up":[{"embeddable":true,"href":"https:\/\/www.festivaldebiarritz.com\/es\/wp-json\/wp\/v2\/pages\/15643"}],"wp:attachment":[{"href":"https:\/\/www.festivaldebiarritz.com\/es\/wp-json\/wp\/v2\/media?parent=15817"}],"curies":[{"name":"wp","href":"https:\/\/api.w.org\/{rel}","templated":true}]}}