{"id":23,"date":"2013-01-25T11:32:54","date_gmt":"2013-01-25T10:32:54","guid":{"rendered":"http:\/\/www.festivaldebiarritz.companier\/"},"modified":"2015-04-14T12:44:06","modified_gmt":"2015-04-14T10:44:06","slug":"panier","status":"publish","type":"page","link":"https:\/\/www.festivaldebiarritz.com\/es\/panier\/","title":{"rendered":"Cesta"},"content":{"rendered":"<p class=\"qtranxs-available-languages-message qtranxs-available-languages-message-es\">Disculpa, pero esta entrada est\u00e1 disponible s\u00f3lo en <a href=\"https:\/\/www.festivaldebiarritz.com\/fr\/wp-json\/wp\/v2\/pages\/23\" class=\"qtranxs-available-language-link qtranxs-available-language-link-fr\" title=\"Fran\u00e7ais\">Fran\u00e7ais<\/a>.<\/p><p><\/p>\n\n<p><\/p>","protected":false},"excerpt":{"rendered":"<p>Disculpa, pero esta entrada est\u00e1 disponible s\u00f3lo en Fran\u00e7ais.<\/p>\n","protected":false},"author":4,"featured_media":0,"parent":0,"menu_order":78,"comment_status":"closed","ping_status":"closed","template":"","meta":{"_acf_changed":false,"footnotes":""},"class_list":["post-23","page","type-page","status-publish","hentry"],"acf":[],"yoast_head":"<!-- This site is optimized with the Yoast SEO plugin v27.3 - https:\/\/yoast.com\/product\/yoast-seo-wordpress\/ -->\n<title>Cesta - Festival de Biarritz Am\u00e9rica Latina<\/title>\n<meta name=\"robots\" content=\"index, follow, max-snippet:-1, max-image-preview:large, max-video-preview:-1\" \/>\n<link rel=\"canonical\" href=\"https:\/\/www.festivaldebiarritz.com\/es\/panier\/\" \/>\n<meta property=\"og:locale\" content=\"es_ES\" \/>\n<meta property=\"og:type\" content=\"article\" \/>\n<meta property=\"og:title\" content=\"Cesta - Festival de Biarritz Am\u00e9rica Latina\" \/>\n<meta property=\"og:description\" content=\"Disculpa, pero esta entrada est\u00e1 disponible s\u00f3lo en Fran\u00e7ais.\" \/>\n<meta property=\"og:url\" content=\"https:\/\/www.festivaldebiarritz.com\/es\/panier\/\" \/>\n<meta property=\"og:site_name\" content=\"Festival de Biarritz Am\u00e9rica Latina\" \/>\n<meta property=\"article:modified_time\" content=\"2015-04-14T10:44:06+00:00\" \/>\n<script type=\"application\/ld+json\" class=\"yoast-schema-graph\">{\"@context\":\"https:\\\/\\\/schema.org\",\"@graph\":[{\"@type\":\"WebPage\",\"@id\":\"https:\\\/\\\/www.festivaldebiarritz.com\\\/es\\\/panier\\\/\",\"url\":\"https:\\\/\\\/www.festivaldebiarritz.com\\\/es\\\/panier\\\/\",\"name\":\"Cesta - Festival de Biarritz Am\u00e9rica Latina\",\"isPartOf\":{\"@id\":\"https:\\\/\\\/www.festivaldebiarritz.com\\\/es\\\/#website\"},\"datePublished\":\"2013-01-25T10:32:54+00:00\",\"dateModified\":\"2015-04-14T10:44:06+00:00\",\"breadcrumb\":{\"@id\":\"https:\\\/\\\/www.festivaldebiarritz.com\\\/es\\\/panier\\\/#breadcrumb\"},\"inLanguage\":\"es\",\"potentialAction\":[{\"@type\":\"ReadAction\",\"target\":[[\"https:\\\/\\\/www.festivaldebiarritz.com\\\/es\\\/panier\\\/\"]]}]},{\"@type\":\"BreadcrumbList\",\"@id\":\"https:\\\/\\\/www.festivaldebiarritz.com\\\/es\\\/panier\\\/#breadcrumb\",\"itemListElement\":[{\"@type\":\"ListItem\",\"position\":1,\"name\":\"Accueil\",\"item\":\"https:\\\/\\\/www.festivaldebiarritz.com\\\/es\\\/\"},{\"@type\":\"ListItem\",\"position\":2,\"name\":\"Panier\"}]},{\"@type\":\"WebSite\",\"@id\":\"https:\\\/\\\/www.festivaldebiarritz.com\\\/es\\\/#website\",\"url\":\"https:\\\/\\\/www.festivaldebiarritz.com\\\/es\\\/\",\"name\":\"Festival de Biarritz Am\u00e9rica Latina\",\"description\":\"Cine y culturas de Am\u00e9rica latina\",\"potentialAction\":[{\"@type\":\"SearchAction\",\"target\":{\"@type\":\"EntryPoint\",\"urlTemplate\":\"https:\\\/\\\/www.festivaldebiarritz.com\\\/es\\\/?s={search_term_string}\"},\"query-input\":{\"@type\":\"PropertyValueSpecification\",\"valueRequired\":true,\"valueName\":\"search_term_string\"}}],\"inLanguage\":\"es\"}]}<\/script>\n<!-- \/ Yoast SEO plugin. -->","yoast_head_json":{"title":"Cesta - Festival de Biarritz Am\u00e9rica Latina","robots":{"index":"index","follow":"follow","max-snippet":"max-snippet:-1","max-image-preview":"max-image-preview:large","max-video-preview":"max-video-preview:-1"},"canonical":"https:\/\/www.festivaldebiarritz.com\/es\/panier\/","og_locale":"es_ES","og_type":"article","og_title":"Cesta - Festival de Biarritz Am\u00e9rica Latina","og_description":"Disculpa, pero esta entrada est\u00e1 disponible s\u00f3lo en Fran\u00e7ais.","og_url":"https:\/\/www.festivaldebiarritz.com\/es\/panier\/","og_site_name":"Festival de Biarritz Am\u00e9rica Latina","article_modified_time":"2015-04-14T10:44:06+00:00","schema":{"@context":"https:\/\/schema.org","@graph":[{"@type":"WebPage","@id":"https:\/\/www.festivaldebiarritz.com\/es\/panier\/","url":"https:\/\/www.festivaldebiarritz.com\/es\/panier\/","name":"Cesta - Festival de Biarritz Am\u00e9rica Latina","isPartOf":{"@id":"https:\/\/www.festivaldebiarritz.com\/es\/#website"},"datePublished":"2013-01-25T10:32:54+00:00","dateModified":"2015-04-14T10:44:06+00:00","breadcrumb":{"@id":"https:\/\/www.festivaldebiarritz.com\/es\/panier\/#breadcrumb"},"inLanguage":"es","potentialAction":[{"@type":"ReadAction","target":[["https:\/\/www.festivaldebiarritz.com\/es\/panier\/"]]}]},{"@type":"BreadcrumbList","@id":"https:\/\/www.festivaldebiarritz.com\/es\/panier\/#breadcrumb","itemListElement":[{"@type":"ListItem","position":1,"name":"Accueil","item":"https:\/\/www.festivaldebiarritz.com\/es\/"},{"@type":"ListItem","position":2,"name":"Panier"}]},{"@type":"WebSite","@id":"https:\/\/www.festivaldebiarritz.com\/es\/#website","url":"https:\/\/www.festivaldebiarritz.com\/es\/","name":"Festival de Biarritz Am\u00e9rica Latina","description":"Cine y culturas de Am\u00e9rica latina","potentialAction":[{"@type":"SearchAction","target":{"@type":"EntryPoint","urlTemplate":"https:\/\/www.festivaldebiarritz.com\/es\/?s={search_term_string}"},"query-input":{"@type":"PropertyValueSpecification","valueRequired":true,"valueName":"search_term_string"}}],"inLanguage":"es"}]}},"jetpack_sharing_enabled":true,"_links":{"self":[{"href":"https:\/\/www.festivaldebiarritz.com\/es\/wp-json\/wp\/v2\/pages\/23","targetHints":{"allow":["GET"]}}],"collection":[{"href":"https:\/\/www.festivaldebiarritz.com\/es\/wp-json\/wp\/v2\/pages"}],"about":[{"href":"https:\/\/www.festivaldebiarritz.com\/es\/wp-json\/wp\/v2\/types\/page"}],"author":[{"embeddable":true,"href":"https:\/\/www.festivaldebiarritz.com\/es\/wp-json\/wp\/v2\/users\/4"}],"replies":[{"embeddable":true,"href":"https:\/\/www.festivaldebiarritz.com\/es\/wp-json\/wp\/v2\/comments?post=23"}],"version-history":[{"count":6,"href":"https:\/\/www.festivaldebiarritz.com\/es\/wp-json\/wp\/v2\/pages\/23\/revisions"}],"predecessor-version":[{"id":6261,"href":"https:\/\/www.festivaldebiarritz.com\/es\/wp-json\/wp\/v2\/pages\/23\/revisions\/6261"}],"wp:attachment":[{"href":"https:\/\/www.festivaldebiarritz.com\/es\/wp-json\/wp\/v2\/media?parent=23"}],"curies":[{"name":"wp","href":"https:\/\/api.w.org\/{rel}","templated":true}]}}