{"id":28869,"date":"2022-09-06T18:26:45","date_gmt":"2022-09-06T16:26:45","guid":{"rendered":"https:\/\/www.festivaldebiarritz.com\/?page_id=28869"},"modified":"2023-05-31T06:53:26","modified_gmt":"2023-05-31T04:53:26","slug":"achetez-vos-places","status":"publish","type":"page","link":"https:\/\/www.festivaldebiarritz.com\/es\/edition-2022\/achetez-vos-places\/","title":{"rendered":"Compra tus boletos"},"content":{"rendered":"<p class=\"qtranxs-available-languages-message qtranxs-available-languages-message-es\">Disculpa, pero esta entrada est\u00e1 disponible s\u00f3lo en <a href=\"https:\/\/www.festivaldebiarritz.com\/fr\/wp-json\/wp\/v2\/pages\/28869\" class=\"qtranxs-available-language-link qtranxs-available-language-link-fr\" title=\"Fran\u00e7ais\">Fran\u00e7ais<\/a>.<\/p><p><\/p>\n<div><i>Les s\u00e9ances (hors abonnement) au cin\u00e9ma Le Royal peuvent \u00eatre achet\u00e9es uniquement sur place pendant le festival<\/i><\/div>\n<div><\/div>\n<div class=\"yurplan-widget-container\"><iframe loading=\"lazy\" id=\"yurplan-widget-16783\" class=\"yurplan-widget\" src=\"https:\/\/yurplan.com\/orga\/Biarritz-Festivals\/16783\/ticketing\/widget?wversion=1\" width=\"100%\" height=\"1000px\" frameborder=\"0\" scrolling=\"auto\" data-id=\"16783\"><br \/>\n<\/iframe><\/div>\n<p><script type=\"text\/javascript\" src=\"https:\/\/assets.yurplan.com\/yurplan-v1\/dist\/widget.js\"><\/script><\/p>","protected":false},"excerpt":{"rendered":"<p>Disculpa, pero esta entrada est\u00e1 disponible s\u00f3lo en Fran\u00e7ais. Les s\u00e9ances (hors abonnement) au cin\u00e9ma Le Royal peuvent \u00eatre achet\u00e9es [&hellip;]<\/p>\n","protected":false},"author":2,"featured_media":0,"parent":28846,"menu_order":17,"comment_status":"closed","ping_status":"closed","template":"","meta":{"_acf_changed":false,"footnotes":""},"class_list":["post-28869","page","type-page","status-publish","hentry"],"acf":[],"yoast_head":"<!-- This site is optimized with the Yoast SEO plugin v27.3 - https:\/\/yoast.com\/product\/yoast-seo-wordpress\/ -->\n<title>Compra tus boletos - Festival de Biarritz Am\u00e9rica Latina<\/title>\n<meta name=\"robots\" content=\"index, follow, max-snippet:-1, max-image-preview:large, max-video-preview:-1\" \/>\n<link rel=\"canonical\" href=\"https:\/\/www.festivaldebiarritz.com\/es\/edition-2022\/achetez-vos-places\/\" \/>\n<meta property=\"og:locale\" content=\"es_ES\" \/>\n<meta property=\"og:type\" content=\"article\" \/>\n<meta property=\"og:title\" content=\"Compra tus boletos - Festival de Biarritz Am\u00e9rica Latina\" \/>\n<meta property=\"og:description\" content=\"Disculpa, pero esta entrada est\u00e1 disponible s\u00f3lo en Fran\u00e7ais. Les s\u00e9ances (hors abonnement) au cin\u00e9ma Le Royal peuvent \u00eatre achet\u00e9es [&hellip;]\" \/>\n<meta property=\"og:url\" content=\"https:\/\/www.festivaldebiarritz.com\/es\/edition-2022\/achetez-vos-places\/\" \/>\n<meta property=\"og:site_name\" content=\"Festival de Biarritz Am\u00e9rica Latina\" \/>\n<meta property=\"article:modified_time\" content=\"2023-05-31T04:53:26+00:00\" \/>\n<meta name=\"twitter:label1\" content=\"Tiempo de lectura\" \/>\n\t<meta name=\"twitter:data1\" content=\"1 minuto\" \/>\n<script type=\"application\/ld+json\" class=\"yoast-schema-graph\">{\"@context\":\"https:\\\/\\\/schema.org\",\"@graph\":[{\"@type\":\"WebPage\",\"@id\":\"https:\\\/\\\/www.festivaldebiarritz.com\\\/es\\\/edition-2022\\\/achetez-vos-places\\\/\",\"url\":\"https:\\\/\\\/www.festivaldebiarritz.com\\\/es\\\/edition-2022\\\/achetez-vos-places\\\/\",\"name\":\"Compra tus boletos - Festival de Biarritz Am\u00e9rica Latina\",\"isPartOf\":{\"@id\":\"https:\\\/\\\/www.festivaldebiarritz.com\\\/es\\\/#website\"},\"datePublished\":\"2022-09-06T16:26:45+00:00\",\"dateModified\":\"2023-05-31T04:53:26+00:00\",\"breadcrumb\":{\"@id\":\"https:\\\/\\\/www.festivaldebiarritz.com\\\/es\\\/edition-2022\\\/achetez-vos-places\\\/#breadcrumb\"},\"inLanguage\":\"es\",\"potentialAction\":[{\"@type\":\"ReadAction\",\"target\":[[\"https:\\\/\\\/www.festivaldebiarritz.com\\\/es\\\/edition-2022\\\/achetez-vos-places\\\/\"]]}]},{\"@type\":\"BreadcrumbList\",\"@id\":\"https:\\\/\\\/www.festivaldebiarritz.com\\\/es\\\/edition-2022\\\/achetez-vos-places\\\/#breadcrumb\",\"itemListElement\":[{\"@type\":\"ListItem\",\"position\":1,\"name\":\"Accueil\",\"item\":\"https:\\\/\\\/www.festivaldebiarritz.com\\\/es\\\/\"},{\"@type\":\"ListItem\",\"position\":2,\"name\":\"Edition 2022\",\"item\":\"https:\\\/\\\/www.festivaldebiarritz.com\\\/es\\\/edition-2022\\\/\"},{\"@type\":\"ListItem\",\"position\":3,\"name\":\"Achetez vos places\"}]},{\"@type\":\"WebSite\",\"@id\":\"https:\\\/\\\/www.festivaldebiarritz.com\\\/es\\\/#website\",\"url\":\"https:\\\/\\\/www.festivaldebiarritz.com\\\/es\\\/\",\"name\":\"Festival de Biarritz Am\u00e9rica Latina\",\"description\":\"Cine y culturas de Am\u00e9rica latina\",\"potentialAction\":[{\"@type\":\"SearchAction\",\"target\":{\"@type\":\"EntryPoint\",\"urlTemplate\":\"https:\\\/\\\/www.festivaldebiarritz.com\\\/es\\\/?s={search_term_string}\"},\"query-input\":{\"@type\":\"PropertyValueSpecification\",\"valueRequired\":true,\"valueName\":\"search_term_string\"}}],\"inLanguage\":\"es\"}]}<\/script>\n<!-- \/ Yoast SEO plugin. -->","yoast_head_json":{"title":"Compra tus boletos - Festival de Biarritz Am\u00e9rica Latina","robots":{"index":"index","follow":"follow","max-snippet":"max-snippet:-1","max-image-preview":"max-image-preview:large","max-video-preview":"max-video-preview:-1"},"canonical":"https:\/\/www.festivaldebiarritz.com\/es\/edition-2022\/achetez-vos-places\/","og_locale":"es_ES","og_type":"article","og_title":"Compra tus boletos - Festival de Biarritz Am\u00e9rica Latina","og_description":"Disculpa, pero esta entrada est\u00e1 disponible s\u00f3lo en Fran\u00e7ais. Les s\u00e9ances (hors abonnement) au cin\u00e9ma Le Royal peuvent \u00eatre achet\u00e9es [&hellip;]","og_url":"https:\/\/www.festivaldebiarritz.com\/es\/edition-2022\/achetez-vos-places\/","og_site_name":"Festival de Biarritz Am\u00e9rica Latina","article_modified_time":"2023-05-31T04:53:26+00:00","twitter_misc":{"Tiempo de lectura":"1 minuto"},"schema":{"@context":"https:\/\/schema.org","@graph":[{"@type":"WebPage","@id":"https:\/\/www.festivaldebiarritz.com\/es\/edition-2022\/achetez-vos-places\/","url":"https:\/\/www.festivaldebiarritz.com\/es\/edition-2022\/achetez-vos-places\/","name":"Compra tus boletos - Festival de Biarritz Am\u00e9rica Latina","isPartOf":{"@id":"https:\/\/www.festivaldebiarritz.com\/es\/#website"},"datePublished":"2022-09-06T16:26:45+00:00","dateModified":"2023-05-31T04:53:26+00:00","breadcrumb":{"@id":"https:\/\/www.festivaldebiarritz.com\/es\/edition-2022\/achetez-vos-places\/#breadcrumb"},"inLanguage":"es","potentialAction":[{"@type":"ReadAction","target":[["https:\/\/www.festivaldebiarritz.com\/es\/edition-2022\/achetez-vos-places\/"]]}]},{"@type":"BreadcrumbList","@id":"https:\/\/www.festivaldebiarritz.com\/es\/edition-2022\/achetez-vos-places\/#breadcrumb","itemListElement":[{"@type":"ListItem","position":1,"name":"Accueil","item":"https:\/\/www.festivaldebiarritz.com\/es\/"},{"@type":"ListItem","position":2,"name":"Edition 2022","item":"https:\/\/www.festivaldebiarritz.com\/es\/edition-2022\/"},{"@type":"ListItem","position":3,"name":"Achetez vos places"}]},{"@type":"WebSite","@id":"https:\/\/www.festivaldebiarritz.com\/es\/#website","url":"https:\/\/www.festivaldebiarritz.com\/es\/","name":"Festival de Biarritz Am\u00e9rica Latina","description":"Cine y culturas de Am\u00e9rica latina","potentialAction":[{"@type":"SearchAction","target":{"@type":"EntryPoint","urlTemplate":"https:\/\/www.festivaldebiarritz.com\/es\/?s={search_term_string}"},"query-input":{"@type":"PropertyValueSpecification","valueRequired":true,"valueName":"search_term_string"}}],"inLanguage":"es"}]}},"jetpack_sharing_enabled":true,"_links":{"self":[{"href":"https:\/\/www.festivaldebiarritz.com\/es\/wp-json\/wp\/v2\/pages\/28869","targetHints":{"allow":["GET"]}}],"collection":[{"href":"https:\/\/www.festivaldebiarritz.com\/es\/wp-json\/wp\/v2\/pages"}],"about":[{"href":"https:\/\/www.festivaldebiarritz.com\/es\/wp-json\/wp\/v2\/types\/page"}],"author":[{"embeddable":true,"href":"https:\/\/www.festivaldebiarritz.com\/es\/wp-json\/wp\/v2\/users\/2"}],"replies":[{"embeddable":true,"href":"https:\/\/www.festivaldebiarritz.com\/es\/wp-json\/wp\/v2\/comments?post=28869"}],"version-history":[{"count":6,"href":"https:\/\/www.festivaldebiarritz.com\/es\/wp-json\/wp\/v2\/pages\/28869\/revisions"}],"predecessor-version":[{"id":30280,"href":"https:\/\/www.festivaldebiarritz.com\/es\/wp-json\/wp\/v2\/pages\/28869\/revisions\/30280"}],"up":[{"embeddable":true,"href":"https:\/\/www.festivaldebiarritz.com\/es\/wp-json\/wp\/v2\/pages\/28846"}],"wp:attachment":[{"href":"https:\/\/www.festivaldebiarritz.com\/es\/wp-json\/wp\/v2\/media?parent=28869"}],"curies":[{"name":"wp","href":"https:\/\/api.w.org\/{rel}","templated":true}]}}