{"id":9,"date":"2012-02-13T18:02:10","date_gmt":"2012-02-13T17:02:10","guid":{"rendered":"http:\/\/www.festivaldebiarritz.com?page_id=9"},"modified":"2023-06-07T11:10:55","modified_gmt":"2023-06-07T09:10:55","slug":"mentions-legales","status":"publish","type":"page","link":"https:\/\/www.festivaldebiarritz.com\/es\/mentions-legales\/","title":{"rendered":"Legal"},"content":{"rendered":"<p><\/p>\n<h2>Informations g\u00e9n\u00e9rales<\/h2>\n<p><strong>Festival de Biarritz<\/strong><br \/>\nAssociation Biarritz Festivals<br \/>\nVilla Natacha<br \/>\n64200 Biarritz<\/p>\n<p>Responsable de la publication : Antoine Sebire en qualit\u00e9 de D\u00e9l\u00e9gu\u00e9 G\u00e9n\u00e9ral<\/p>\n<h2>Droits d&#8217;auteur et propri\u00e9t\u00e9 intellectuelle<\/h2>\n<p>L\u2019ensemble de ce site rel\u00e8ve de la l\u00e9gislation fran\u00e7aise et internationale sur les droits d\u2019auteur et la propri\u00e9t\u00e9 intellectuelle. Tous les droits de reproduction sont r\u00e9serv\u00e9s. La reproduction de tout ou partie de ce site sur quelque support que ce soit est formellement interdite sauf autorisation expresse et pr\u00e9alable du directeur de la publication. La reproduction des textes de ce site sur un support papier est autoris\u00e9e, sous r\u00e9serve du respect des conditions suivantes : gratuit\u00e9 de la diffusion, respect de l\u2019int\u00e9grit\u00e9 des documents reproduits : pas de modification ni alt\u00e9ration d\u2019aucune sorte, citation claire et lisible de la source.<\/p>\n<h2>Traitement des donn\u00e9es personnelles<\/h2>\n<p>Les informations recueillies aupr\u00e8s des personnes par le biais des formulaires de contact, par l\u2019envoi de messages \u00e9lectroniques, ou via des outils de mesure d&#8217;audience sont destin\u00e9es exclusivement \u00e0 l\u2019usage de ce site Internet. Elles ne sont en aucun cas communiqu\u00e9es \u00e0 des tiers.<\/p>\n<p>Conform\u00e9ment aux articles 39 et suivants de la loi n\u00b0 78-17 du 6 janvier 1978 relative \u00e0 l\u2019informatique, aux fichiers et aux libert\u00e9s, toute personne peut obtenir communication et, le cas \u00e9ch\u00e9ant, rectification ou suppression des informations la concernant, en s\u2019adressant au directeur de publication. Toute personne peut \u00e9galement, pour des motifs l\u00e9gitimes, s\u2019opposer au traitement des donn\u00e9es la concernant.<\/p>\n<h2>Cookies et vie priv\u00e9e<\/h2>\n<p>Pour le bon fonctionnement de ce site Internet, certains <em>cookies<\/em> peuvent-\u00eatre install\u00e9s sur votre terminal. Ces <em>cookies<\/em> ne sont pas utilis\u00e9s \u00e0 des fins commerciales, mais exclusivement pour vous permettre de naviguer convenablement sur ce site Internet (m\u00e9moriser votre r\u00e9solution d&#8217;affichage, le syst\u00e8me d&#8217;exploitation&#8230;). Ces <em>cookies<\/em> ont une dur\u00e9e de vie de quelques heures uniquement, et ne sont pas vou\u00e9s \u00e0 \u00eatre stock\u00e9s ind\u00e9finiment sur votre terminal.<\/p>\n<p>Pour votre information, ce site Internet utilise un outil de mesure d&#8217;audience, <a title=\"Google Analytics\" href=\"http:\/\/www.google.com\/analytics\/\" target=\"_blank\" rel=\"noopener\">Google Analytics<\/a>, qui peut n\u00e9cessit\u00e9 l&#8217;installation de <em>cookies<\/em> sur votre terminal. Ces <em>cookies<\/em> sont utilis\u00e9s exclusivement \u00e0 titre de mesure statistiques de ce site Internet (volume de fr\u00e9quentation, pages visit\u00e9s, origine g\u00e9ographique de l&#8217;internaute&#8230;).<\/p>\n<h2>Conception du site Internet et H\u00e9bergement<\/h2>\n<p><strong>REZO 21, cr\u00e9ateur de sites Internet<br \/>\n<\/strong>Les Pyramides, 4 route de Pitoys, 64600 Anglet<br \/>\nT\u00e9l. : 05 59 20 89 97 et 06 03 54 07 30<br \/>\nFax : 08 11 38 46 68<br \/>\nAdresse e-mail : <a href=\"mailto:contact@rezo21.net\">contact@rezo21.net<\/a><\/p>","protected":false},"excerpt":{"rendered":"<p>Informations g\u00e9n\u00e9rales Festival de Biarritz Association Biarritz Festivals Villa Natacha 64200 Biarritz Responsable de la publication : Antoine Sebire en [&hellip;]<\/p>\n","protected":false},"author":2,"featured_media":0,"parent":0,"menu_order":88,"comment_status":"closed","ping_status":"closed","template":"","meta":{"_acf_changed":false,"footnotes":""},"class_list":["post-9","page","type-page","status-publish","hentry"],"acf":[],"yoast_head":"<!-- This site is optimized with the Yoast SEO plugin v27.3 - https:\/\/yoast.com\/product\/yoast-seo-wordpress\/ -->\n<title>Legal - Festival de Biarritz Am\u00e9rica Latina<\/title>\n<meta name=\"robots\" content=\"index, follow, max-snippet:-1, max-image-preview:large, max-video-preview:-1\" \/>\n<link rel=\"canonical\" href=\"https:\/\/www.festivaldebiarritz.com\/es\/mentions-legales\/\" \/>\n<meta property=\"og:locale\" content=\"es_ES\" \/>\n<meta property=\"og:type\" content=\"article\" \/>\n<meta property=\"og:title\" content=\"Legal - Festival de Biarritz Am\u00e9rica Latina\" \/>\n<meta property=\"og:description\" content=\"Informations g\u00e9n\u00e9rales Festival de Biarritz Association Biarritz Festivals Villa Natacha 64200 Biarritz Responsable de la publication : Antoine Sebire en [&hellip;]\" \/>\n<meta property=\"og:url\" content=\"https:\/\/www.festivaldebiarritz.com\/es\/mentions-legales\/\" \/>\n<meta property=\"og:site_name\" content=\"Festival de Biarritz Am\u00e9rica Latina\" \/>\n<meta property=\"article:modified_time\" content=\"2023-06-07T09:10:55+00:00\" \/>\n<meta name=\"twitter:label1\" content=\"Tiempo de lectura\" \/>\n\t<meta name=\"twitter:data1\" content=\"3 minutos\" \/>\n<script type=\"application\/ld+json\" class=\"yoast-schema-graph\">{\"@context\":\"https:\\\/\\\/schema.org\",\"@graph\":[{\"@type\":\"WebPage\",\"@id\":\"https:\\\/\\\/www.festivaldebiarritz.com\\\/es\\\/mentions-legales\\\/\",\"url\":\"https:\\\/\\\/www.festivaldebiarritz.com\\\/es\\\/mentions-legales\\\/\",\"name\":\"Legal - Festival de Biarritz Am\u00e9rica Latina\",\"isPartOf\":{\"@id\":\"https:\\\/\\\/www.festivaldebiarritz.com\\\/es\\\/#website\"},\"datePublished\":\"2012-02-13T17:02:10+00:00\",\"dateModified\":\"2023-06-07T09:10:55+00:00\",\"breadcrumb\":{\"@id\":\"https:\\\/\\\/www.festivaldebiarritz.com\\\/es\\\/mentions-legales\\\/#breadcrumb\"},\"inLanguage\":\"es\",\"potentialAction\":[{\"@type\":\"ReadAction\",\"target\":[[\"https:\\\/\\\/www.festivaldebiarritz.com\\\/es\\\/mentions-legales\\\/\"]]}]},{\"@type\":\"BreadcrumbList\",\"@id\":\"https:\\\/\\\/www.festivaldebiarritz.com\\\/es\\\/mentions-legales\\\/#breadcrumb\",\"itemListElement\":[{\"@type\":\"ListItem\",\"position\":1,\"name\":\"Accueil\",\"item\":\"https:\\\/\\\/www.festivaldebiarritz.com\\\/es\\\/\"},{\"@type\":\"ListItem\",\"position\":2,\"name\":\"Mentions l\u00e9gales\"}]},{\"@type\":\"WebSite\",\"@id\":\"https:\\\/\\\/www.festivaldebiarritz.com\\\/es\\\/#website\",\"url\":\"https:\\\/\\\/www.festivaldebiarritz.com\\\/es\\\/\",\"name\":\"Festival de Biarritz Am\u00e9rica Latina\",\"description\":\"Cine y culturas de Am\u00e9rica latina\",\"potentialAction\":[{\"@type\":\"SearchAction\",\"target\":{\"@type\":\"EntryPoint\",\"urlTemplate\":\"https:\\\/\\\/www.festivaldebiarritz.com\\\/es\\\/?s={search_term_string}\"},\"query-input\":{\"@type\":\"PropertyValueSpecification\",\"valueRequired\":true,\"valueName\":\"search_term_string\"}}],\"inLanguage\":\"es\"}]}<\/script>\n<!-- \/ Yoast SEO plugin. -->","yoast_head_json":{"title":"Legal - Festival de Biarritz Am\u00e9rica Latina","robots":{"index":"index","follow":"follow","max-snippet":"max-snippet:-1","max-image-preview":"max-image-preview:large","max-video-preview":"max-video-preview:-1"},"canonical":"https:\/\/www.festivaldebiarritz.com\/es\/mentions-legales\/","og_locale":"es_ES","og_type":"article","og_title":"Legal - Festival de Biarritz Am\u00e9rica Latina","og_description":"Informations g\u00e9n\u00e9rales Festival de Biarritz Association Biarritz Festivals Villa Natacha 64200 Biarritz Responsable de la publication : Antoine Sebire en [&hellip;]","og_url":"https:\/\/www.festivaldebiarritz.com\/es\/mentions-legales\/","og_site_name":"Festival de Biarritz Am\u00e9rica Latina","article_modified_time":"2023-06-07T09:10:55+00:00","twitter_misc":{"Tiempo de lectura":"3 minutos"},"schema":{"@context":"https:\/\/schema.org","@graph":[{"@type":"WebPage","@id":"https:\/\/www.festivaldebiarritz.com\/es\/mentions-legales\/","url":"https:\/\/www.festivaldebiarritz.com\/es\/mentions-legales\/","name":"Legal - Festival de Biarritz Am\u00e9rica Latina","isPartOf":{"@id":"https:\/\/www.festivaldebiarritz.com\/es\/#website"},"datePublished":"2012-02-13T17:02:10+00:00","dateModified":"2023-06-07T09:10:55+00:00","breadcrumb":{"@id":"https:\/\/www.festivaldebiarritz.com\/es\/mentions-legales\/#breadcrumb"},"inLanguage":"es","potentialAction":[{"@type":"ReadAction","target":[["https:\/\/www.festivaldebiarritz.com\/es\/mentions-legales\/"]]}]},{"@type":"BreadcrumbList","@id":"https:\/\/www.festivaldebiarritz.com\/es\/mentions-legales\/#breadcrumb","itemListElement":[{"@type":"ListItem","position":1,"name":"Accueil","item":"https:\/\/www.festivaldebiarritz.com\/es\/"},{"@type":"ListItem","position":2,"name":"Mentions l\u00e9gales"}]},{"@type":"WebSite","@id":"https:\/\/www.festivaldebiarritz.com\/es\/#website","url":"https:\/\/www.festivaldebiarritz.com\/es\/","name":"Festival de Biarritz Am\u00e9rica Latina","description":"Cine y culturas de Am\u00e9rica latina","potentialAction":[{"@type":"SearchAction","target":{"@type":"EntryPoint","urlTemplate":"https:\/\/www.festivaldebiarritz.com\/es\/?s={search_term_string}"},"query-input":{"@type":"PropertyValueSpecification","valueRequired":true,"valueName":"search_term_string"}}],"inLanguage":"es"}]}},"jetpack_sharing_enabled":true,"_links":{"self":[{"href":"https:\/\/www.festivaldebiarritz.com\/es\/wp-json\/wp\/v2\/pages\/9","targetHints":{"allow":["GET"]}}],"collection":[{"href":"https:\/\/www.festivaldebiarritz.com\/es\/wp-json\/wp\/v2\/pages"}],"about":[{"href":"https:\/\/www.festivaldebiarritz.com\/es\/wp-json\/wp\/v2\/types\/page"}],"author":[{"embeddable":true,"href":"https:\/\/www.festivaldebiarritz.com\/es\/wp-json\/wp\/v2\/users\/2"}],"replies":[{"embeddable":true,"href":"https:\/\/www.festivaldebiarritz.com\/es\/wp-json\/wp\/v2\/comments?post=9"}],"version-history":[{"count":9,"href":"https:\/\/www.festivaldebiarritz.com\/es\/wp-json\/wp\/v2\/pages\/9\/revisions"}],"predecessor-version":[{"id":30415,"href":"https:\/\/www.festivaldebiarritz.com\/es\/wp-json\/wp\/v2\/pages\/9\/revisions\/30415"}],"wp:attachment":[{"href":"https:\/\/www.festivaldebiarritz.com\/es\/wp-json\/wp\/v2\/media?parent=9"}],"curies":[{"name":"wp","href":"https:\/\/api.w.org\/{rel}","templated":true}]}}